{"id":342,"date":"2025-03-30T18:34:52","date_gmt":"2025-03-30T16:34:52","guid":{"rendered":"https:\/\/e-atech.com\/?page_id=342"},"modified":"2025-03-30T18:52:33","modified_gmt":"2025-03-30T16:52:33","slug":"brumiventilateur-eolys","status":"publish","type":"page","link":"https:\/\/e-atech.com\/index.php\/brumiventilateur-eolys\/","title":{"rendered":"Brumiventilateur Eolys"},"content":{"rendered":"\t\t<div data-elementor-type=\"wp-page\" data-elementor-id=\"342\" class=\"elementor elementor-342\" data-elementor-post-type=\"page\">\n\t\t\t\t<div class=\"elementor-element elementor-element-689d9d33 e-flex e-con-boxed e-con e-parent\" data-id=\"689d9d33\" data-element_type=\"container\" data-settings=\"{&quot;background_background&quot;:&quot;gradient&quot;}\">\n\t\t\t\t\t<div class=\"e-con-inner\">\n\t\t<div class=\"elementor-element elementor-element-4172d30a e-con-full e-flex e-con e-child\" data-id=\"4172d30a\" data-element_type=\"container\">\n\t\t<div class=\"elementor-element elementor-element-708700be e-con-full e-flex e-con e-child\" data-id=\"708700be\" data-element_type=\"container\">\n\t\t\t\t<div class=\"elementor-element elementor-element-4bf314f5 animated-slow elementor-widget__width-inherit elementor-invisible elementor-widget elementor-widget-heading\" data-id=\"4bf314f5\" data-element_type=\"widget\" data-settings=\"{&quot;_animation&quot;:&quot;fadeIn&quot;}\" data-widget_type=\"heading.default\">\n\t\t\t\t<div class=\"elementor-widget-container\">\n\t\t\t\t\t<h2 class=\"elementor-heading-title elementor-size-default\">Brumiventilateur Eolys<\/h2>\t\t\t\t<\/div>\n\t\t\t\t<\/div>\n\t\t\t\t<div class=\"elementor-element elementor-element-2fb6c62 elementor-icon-list--layout-traditional elementor-list-item-link-full_width elementor-widget elementor-widget-icon-list\" data-id=\"2fb6c62\" data-element_type=\"widget\" data-widget_type=\"icon-list.default\">\n\t\t\t\t<div class=\"elementor-widget-container\">\n\t\t\t\t\t\t\t<ul class=\"elementor-icon-list-items\">\n\t\t\t\t\t\t\t<li class=\"elementor-icon-list-item\">\n\t\t\t\t\t\t\t\t\t\t\t<span class=\"elementor-icon-list-icon\">\n\t\t\t\t\t\t\t<svg aria-hidden=\"true\" class=\"e-font-icon-svg e-fas-check\" viewBox=\"0 0 512 512\" xmlns=\"http:\/\/www.w3.org\/2000\/svg\"><path d=\"M173.898 439.404l-166.4-166.4c-9.997-9.997-9.997-26.206 0-36.204l36.203-36.204c9.997-9.998 26.207-9.998 36.204 0L192 312.69 432.095 72.596c9.997-9.997 26.207-9.997 36.204 0l36.203 36.204c9.997 9.997 9.997 26.206 0 36.204l-294.4 294.401c-9.998 9.997-26.207 9.997-36.204-.001z\"><\/path><\/svg>\t\t\t\t\t\t<\/span>\n\t\t\t\t\t\t\t\t\t\t<span class=\"elementor-icon-list-text\">2 en 1, Ventilation + Brumisation<\/span>\n\t\t\t\t\t\t\t\t\t<\/li>\n\t\t\t\t\t\t\t\t<li class=\"elementor-icon-list-item\">\n\t\t\t\t\t\t\t\t\t\t\t<span class=\"elementor-icon-list-icon\">\n\t\t\t\t\t\t\t<svg aria-hidden=\"true\" class=\"e-font-icon-svg e-fas-check\" viewBox=\"0 0 512 512\" xmlns=\"http:\/\/www.w3.org\/2000\/svg\"><path d=\"M173.898 439.404l-166.4-166.4c-9.997-9.997-9.997-26.206 0-36.204l36.203-36.204c9.997-9.998 26.207-9.998 36.204 0L192 312.69 432.095 72.596c9.997-9.997 26.207-9.997 36.204 0l36.203 36.204c9.997 9.997 9.997 26.206 0 36.204l-294.4 294.401c-9.998 9.997-26.207 9.997-36.204-.001z\"><\/path><\/svg>\t\t\t\t\t\t<\/span>\n\t\t\t\t\t\t\t\t\t\t<span class=\"elementor-icon-list-text\">Puissance : 10 \u00e0 15m\u00b2 par appareil<\/span>\n\t\t\t\t\t\t\t\t\t<\/li>\n\t\t\t\t\t\t\t\t<li class=\"elementor-icon-list-item\">\n\t\t\t\t\t\t\t\t\t\t\t<span class=\"elementor-icon-list-icon\">\n\t\t\t\t\t\t\t<svg aria-hidden=\"true\" class=\"e-font-icon-svg e-fas-check\" viewBox=\"0 0 512 512\" xmlns=\"http:\/\/www.w3.org\/2000\/svg\"><path d=\"M173.898 439.404l-166.4-166.4c-9.997-9.997-9.997-26.206 0-36.204l36.203-36.204c9.997-9.998 26.207-9.998 36.204 0L192 312.69 432.095 72.596c9.997-9.997 26.207-9.997 36.204 0l36.203 36.204c9.997 9.997 9.997 26.206 0 36.204l-294.4 294.401c-9.998 9.997-26.207 9.997-36.204-.001z\"><\/path><\/svg>\t\t\t\t\t\t<\/span>\n\t\t\t\t\t\t\t\t\t\t<span class=\"elementor-icon-list-text\">Con\u00e7u pour les petits espaces et le r\u00e9sidentiel<\/span>\n\t\t\t\t\t\t\t\t\t<\/li>\n\t\t\t\t\t\t<\/ul>\n\t\t\t\t\t\t<\/div>\n\t\t\t\t<\/div>\n\t\t\t\t<div class=\"elementor-element elementor-element-17203dc8 elementor-mobile-align-justify animated-fast elementor-align-left elementor-widget-mobile__width-inherit elementor-invisible elementor-widget elementor-widget-button\" data-id=\"17203dc8\" data-element_type=\"widget\" data-settings=\"{&quot;_animation&quot;:&quot;fadeIn&quot;,&quot;_animation_delay&quot;:400}\" data-widget_type=\"button.default\">\n\t\t\t\t<div class=\"elementor-widget-container\">\n\t\t\t\t\t\t\t\t\t<div class=\"elementor-button-wrapper\">\n\t\t\t\t\t<a class=\"elementor-button elementor-button-link elementor-size-sm elementor-animation-float\" href=\"#elementor-action%3Aaction%3Dpopup%3Aopen%26settings%3DeyJpZCI6IjI4MCIsInRvZ2dsZSI6ZmFsc2V9\">\n\t\t\t\t\t\t<span class=\"elementor-button-content-wrapper\">\n\t\t\t\t\t\t\t\t\t<span class=\"elementor-button-text\">Demander un devis<\/span>\n\t\t\t\t\t<\/span>\n\t\t\t\t\t<\/a>\n\t\t\t\t<\/div>\n\t\t\t\t\t\t\t\t<\/div>\n\t\t\t\t<\/div>\n\t\t\t\t<\/div>\n\t\t\t\t<\/div>\n\t\t<div class=\"elementor-element elementor-element-57dd5b91 e-con-full e-flex e-con e-child\" data-id=\"57dd5b91\" data-element_type=\"container\">\n\t\t\t\t<div class=\"elementor-element elementor-element-19e724af elementor-invisible elementor-widget elementor-widget-image\" data-id=\"19e724af\" data-element_type=\"widget\" data-settings=\"{&quot;motion_fx_motion_fx_scrolling&quot;:&quot;yes&quot;,&quot;motion_fx_translateY_effect&quot;:&quot;yes&quot;,&quot;motion_fx_translateY_direction&quot;:&quot;negative&quot;,&quot;motion_fx_translateY_speed&quot;:{&quot;unit&quot;:&quot;px&quot;,&quot;size&quot;:1.5,&quot;sizes&quot;:[]},&quot;_animation&quot;:&quot;slideInRight&quot;,&quot;motion_fx_translateY_affectedRange&quot;:{&quot;unit&quot;:&quot;%&quot;,&quot;size&quot;:&quot;&quot;,&quot;sizes&quot;:{&quot;start&quot;:0,&quot;end&quot;:100}},&quot;motion_fx_devices&quot;:[&quot;desktop&quot;,&quot;tablet&quot;,&quot;mobile&quot;]}\" data-widget_type=\"image.default\">\n\t\t\t\t<div class=\"elementor-widget-container\">\n\t\t\t\t\t\t\t\t\t\t\t\t\t\t\t<img fetchpriority=\"high\" decoding=\"async\" width=\"1080\" height=\"1080\" src=\"https:\/\/e-atech.com\/wp-content\/uploads\/2025\/03\/Brumisateur_flower_black-Eolys-Atech-product.png\" class=\"attachment-full size-full wp-image-268\" alt=\"\" srcset=\"https:\/\/e-atech.com\/wp-content\/uploads\/2025\/03\/Brumisateur_flower_black-Eolys-Atech-product.png 1080w, https:\/\/e-atech.com\/wp-content\/uploads\/2025\/03\/Brumisateur_flower_black-Eolys-Atech-product-300x300.png 300w, https:\/\/e-atech.com\/wp-content\/uploads\/2025\/03\/Brumisateur_flower_black-Eolys-Atech-product-1024x1024.png 1024w, https:\/\/e-atech.com\/wp-content\/uploads\/2025\/03\/Brumisateur_flower_black-Eolys-Atech-product-150x150.png 150w, https:\/\/e-atech.com\/wp-content\/uploads\/2025\/03\/Brumisateur_flower_black-Eolys-Atech-product-768x768.png 768w\" sizes=\"(max-width: 1080px) 100vw, 1080px\" \/>\t\t\t\t\t\t\t\t\t\t\t\t\t\t\t<\/div>\n\t\t\t\t<\/div>\n\t\t\t\t<div class=\"elementor-element elementor-element-3cb99011 gallery-spacing-custom elementor-widget elementor-widget-image-gallery\" data-id=\"3cb99011\" data-element_type=\"widget\" data-widget_type=\"image-gallery.default\">\n\t\t\t\t<div class=\"elementor-widget-container\">\n\t\t\t\t\t\t\t<div class=\"elementor-image-gallery\">\n\t\t\t<div id='gallery-1' class='gallery galleryid-342 gallery-columns-4 gallery-size-medium'><figure class='gallery-item'>\n\t\t\t<div class='gallery-icon landscape'>\n\t\t\t\t<a data-elementor-open-lightbox=\"yes\" data-elementor-lightbox-slideshow=\"3cb99011\" data-elementor-lightbox-title=\"Brumisateur_flower_yellow-Eolys-Atech\" data-e-action-hash=\"#elementor-action%3Aaction%3Dlightbox%26settings%3DeyJpZCI6MzQ4LCJ1cmwiOiJodHRwczpcL1wvZS1hdGVjaC5jb21cL3dwLWNvbnRlbnRcL3VwbG9hZHNcLzIwMjVcLzAzXC9CcnVtaXNhdGV1cl9mbG93ZXJfeWVsbG93LUVvbHlzLUF0ZWNoLnBuZyIsInNsaWRlc2hvdyI6IjNjYjk5MDExIn0%3D\" href='https:\/\/e-atech.com\/wp-content\/uploads\/2025\/03\/Brumisateur_flower_yellow-Eolys-Atech.png'><img decoding=\"async\" width=\"300\" height=\"225\" src=\"https:\/\/e-atech.com\/wp-content\/uploads\/2025\/03\/Brumisateur_flower_yellow-Eolys-Atech-300x225.png\" class=\"attachment-medium size-medium\" alt=\"\" srcset=\"https:\/\/e-atech.com\/wp-content\/uploads\/2025\/03\/Brumisateur_flower_yellow-Eolys-Atech-300x225.png 300w, https:\/\/e-atech.com\/wp-content\/uploads\/2025\/03\/Brumisateur_flower_yellow-Eolys-Atech-1024x768.png 1024w, https:\/\/e-atech.com\/wp-content\/uploads\/2025\/03\/Brumisateur_flower_yellow-Eolys-Atech-768x576.png 768w, https:\/\/e-atech.com\/wp-content\/uploads\/2025\/03\/Brumisateur_flower_yellow-Eolys-Atech-1536x1152.png 1536w, https:\/\/e-atech.com\/wp-content\/uploads\/2025\/03\/Brumisateur_flower_yellow-Eolys-Atech.png 2000w\" sizes=\"(max-width: 300px) 100vw, 300px\" \/><\/a>\n\t\t\t<\/div><\/figure><figure class='gallery-item'>\n\t\t\t<div class='gallery-icon landscape'>\n\t\t\t\t<a data-elementor-open-lightbox=\"yes\" data-elementor-lightbox-slideshow=\"3cb99011\" data-elementor-lightbox-title=\"Brumisateur_flower_orange-Eolys-Atech\" data-e-action-hash=\"#elementor-action%3Aaction%3Dlightbox%26settings%3DeyJpZCI6MzQ5LCJ1cmwiOiJodHRwczpcL1wvZS1hdGVjaC5jb21cL3dwLWNvbnRlbnRcL3VwbG9hZHNcLzIwMjVcLzAzXC9CcnVtaXNhdGV1cl9mbG93ZXJfb3JhbmdlLUVvbHlzLUF0ZWNoLnBuZyIsInNsaWRlc2hvdyI6IjNjYjk5MDExIn0%3D\" href='https:\/\/e-atech.com\/wp-content\/uploads\/2025\/03\/Brumisateur_flower_orange-Eolys-Atech.png'><img decoding=\"async\" width=\"300\" height=\"225\" src=\"https:\/\/e-atech.com\/wp-content\/uploads\/2025\/03\/Brumisateur_flower_orange-Eolys-Atech-300x225.png\" class=\"attachment-medium size-medium\" alt=\"\" srcset=\"https:\/\/e-atech.com\/wp-content\/uploads\/2025\/03\/Brumisateur_flower_orange-Eolys-Atech-300x225.png 300w, https:\/\/e-atech.com\/wp-content\/uploads\/2025\/03\/Brumisateur_flower_orange-Eolys-Atech-1024x768.png 1024w, https:\/\/e-atech.com\/wp-content\/uploads\/2025\/03\/Brumisateur_flower_orange-Eolys-Atech-768x576.png 768w, https:\/\/e-atech.com\/wp-content\/uploads\/2025\/03\/Brumisateur_flower_orange-Eolys-Atech-1536x1152.png 1536w, https:\/\/e-atech.com\/wp-content\/uploads\/2025\/03\/Brumisateur_flower_orange-Eolys-Atech.png 2000w\" sizes=\"(max-width: 300px) 100vw, 300px\" \/><\/a>\n\t\t\t<\/div><\/figure><figure class='gallery-item'>\n\t\t\t<div class='gallery-icon landscape'>\n\t\t\t\t<a data-elementor-open-lightbox=\"yes\" data-elementor-lightbox-slideshow=\"3cb99011\" data-elementor-lightbox-title=\"Brumisateur_flower_white-Eolys-Atech\" data-e-action-hash=\"#elementor-action%3Aaction%3Dlightbox%26settings%3DeyJpZCI6MzUwLCJ1cmwiOiJodHRwczpcL1wvZS1hdGVjaC5jb21cL3dwLWNvbnRlbnRcL3VwbG9hZHNcLzIwMjVcLzAzXC9CcnVtaXNhdGV1cl9mbG93ZXJfd2hpdGUtRW9seXMtQXRlY2gucG5nIiwic2xpZGVzaG93IjoiM2NiOTkwMTEifQ%3D%3D\" href='https:\/\/e-atech.com\/wp-content\/uploads\/2025\/03\/Brumisateur_flower_white-Eolys-Atech.png'><img loading=\"lazy\" decoding=\"async\" width=\"300\" height=\"225\" src=\"https:\/\/e-atech.com\/wp-content\/uploads\/2025\/03\/Brumisateur_flower_white-Eolys-Atech-300x225.png\" class=\"attachment-medium size-medium\" alt=\"\" srcset=\"https:\/\/e-atech.com\/wp-content\/uploads\/2025\/03\/Brumisateur_flower_white-Eolys-Atech-300x225.png 300w, https:\/\/e-atech.com\/wp-content\/uploads\/2025\/03\/Brumisateur_flower_white-Eolys-Atech-1024x768.png 1024w, https:\/\/e-atech.com\/wp-content\/uploads\/2025\/03\/Brumisateur_flower_white-Eolys-Atech-768x576.png 768w, https:\/\/e-atech.com\/wp-content\/uploads\/2025\/03\/Brumisateur_flower_white-Eolys-Atech-1536x1152.png 1536w, https:\/\/e-atech.com\/wp-content\/uploads\/2025\/03\/Brumisateur_flower_white-Eolys-Atech.png 2000w\" sizes=\"(max-width: 300px) 100vw, 300px\" \/><\/a>\n\t\t\t<\/div><\/figure>\n\t\t<\/div>\n\t\t<\/div>\n\t\t\t\t\t\t<\/div>\n\t\t\t\t<\/div>\n\t\t\t\t<\/div>\n\t\t\t\t\t<\/div>\n\t\t\t\t<\/div>\n\t\t\t\t<\/div>\n\t\t","protected":false},"excerpt":{"rendered":"<p>Optimis\u00e9 pour les petits espaces et le r\u00e9sidentiel, cet appareil combine ventilation et brumisation pour rafra\u00eechir efficacement une surface de 10 \u00e0 15 m\u00b2, cr\u00e9ant ainsi un microclimat agr\u00e9able chez vous.<\/p>\n","protected":false},"author":1,"featured_media":268,"parent":0,"menu_order":0,"comment_status":"closed","ping_status":"closed","template":"elementor_header_footer","meta":{"footnotes":""},"class_list":["post-342","page","type-page","status-publish","has-post-thumbnail","hentry"],"jetpack_sharing_enabled":true,"_links":{"self":[{"href":"https:\/\/e-atech.com\/index.php\/wp-json\/wp\/v2\/pages\/342","targetHints":{"allow":["GET"]}}],"collection":[{"href":"https:\/\/e-atech.com\/index.php\/wp-json\/wp\/v2\/pages"}],"about":[{"href":"https:\/\/e-atech.com\/index.php\/wp-json\/wp\/v2\/types\/page"}],"author":[{"embeddable":true,"href":"https:\/\/e-atech.com\/index.php\/wp-json\/wp\/v2\/users\/1"}],"replies":[{"embeddable":true,"href":"https:\/\/e-atech.com\/index.php\/wp-json\/wp\/v2\/comments?post=342"}],"version-history":[{"count":9,"href":"https:\/\/e-atech.com\/index.php\/wp-json\/wp\/v2\/pages\/342\/revisions"}],"predecessor-version":[{"id":358,"href":"https:\/\/e-atech.com\/index.php\/wp-json\/wp\/v2\/pages\/342\/revisions\/358"}],"wp:featuredmedia":[{"embeddable":true,"href":"https:\/\/e-atech.com\/index.php\/wp-json\/wp\/v2\/media\/268"}],"wp:attachment":[{"href":"https:\/\/e-atech.com\/index.php\/wp-json\/wp\/v2\/media?parent=342"}],"curies":[{"name":"wp","href":"https:\/\/api.w.org\/{rel}","templated":true}]}}